{"id":44,"date":"2017-06-07T19:15:00","date_gmt":"2017-06-07T19:15:00","guid":{"rendered":"http:\/\/import.themovation.com\/embark\/walking-tours\/?page_id=431"},"modified":"2025-04-02T14:15:45","modified_gmt":"2025-04-02T14:15:45","slug":"blog-sobre-marruecos","status":"publish","type":"page","link":"https:\/\/moroccotoursadventure.com\/es\/blog-sobre-marruecos\/","title":{"rendered":"Blog"},"content":{"rendered":"\t\t<div data-elementor-type=\"wp-post\" data-elementor-id=\"44\" class=\"elementor elementor-44\" data-elementor-post-type=\"page\">\n\t\t\t\t\t\t<section class=\"elementor-section elementor-top-section elementor-element elementor-element-2c9282b elementor-section-height-min-height elementor-section-items-bottom elementor-section-boxed elementor-section-height-default\" data-id=\"2c9282b\" data-element_type=\"section\" data-e-type=\"section\" data-settings=\"{&quot;background_background&quot;:&quot;classic&quot;}\">\n\t\t\t\t\t\t\t<div class=\"elementor-background-overlay\"><\/div>\n\t\t\t\t\t\t\t<div class=\"elementor-container elementor-column-gap-default\">\n\t\t\t\t\t<div class=\"elementor-column elementor-col-100 elementor-top-column elementor-element elementor-element-d962c45\" data-id=\"d962c45\" data-element_type=\"column\" data-e-type=\"column\">\n\t\t\t<div class=\"elementor-widget-wrap elementor-element-populated\">\n\t\t\t\t\t\t<div class=\"elementor-element elementor-element-0960e9f elementor-widget elementor-widget-heading\" data-id=\"0960e9f\" data-element_type=\"widget\" data-e-type=\"widget\" data-widget_type=\"heading.default\">\n\t\t\t\t<div class=\"elementor-widget-container\">\n\t\t\t\t\t<h1 class=\"elementor-heading-title elementor-size-default\">Blog sobre Marruecos<\/h1>\t\t\t\t<\/div>\n\t\t\t\t<\/div>\n\t\t\t\t\t<\/div>\n\t\t<\/div>\n\t\t\t\t\t<\/div>\n\t\t<\/section>\n\t\t\t\t<section class=\"elementor-section elementor-top-section elementor-element elementor-element-d0ab3ae elementor-section-boxed elementor-section-height-default elementor-section-height-default\" data-id=\"d0ab3ae\" data-element_type=\"section\" data-e-type=\"section\">\n\t\t\t\t\t\t<div class=\"elementor-container elementor-column-gap-default\">\n\t\t\t\t\t<div class=\"elementor-column elementor-col-100 elementor-top-column elementor-element elementor-element-bd7ad78\" data-id=\"bd7ad78\" data-element_type=\"column\" data-e-type=\"column\">\n\t\t\t<div class=\"elementor-widget-wrap elementor-element-populated\">\n\t\t\t\t\t\t<div class=\"elementor-element elementor-element-431b211 elementor-widget elementor-widget-text-editor\" data-id=\"431b211\" data-element_type=\"widget\" data-e-type=\"widget\" data-widget_type=\"text-editor.default\">\n\t\t\t\t<div class=\"elementor-widget-container\">\n\t\t\t\t\t\t\t\t\t<p>En este blog sobre Marruecos, nuestra <span style=\"color: #ff6600;\"><strong><a style=\"color: #ff6600;\" href=\"https:\/\/moroccotoursadventure.com\/es\/\">agencia de viajes<\/a><\/strong><\/span> te proporciona una informaci\u00f3n sobre <a href=\"https:\/\/es.wikipedia.org\/wiki\/Marruecos\" target=\"_blank\" rel=\"noopener\">Marruecos<\/a> completa y variada para que puedas conocer el pa\u00eds desde todas sus facetas. Te ofrecemos valiosos consejos que te ser\u00e1n \u00fatiles antes de embarcarte en tu viaje a Marruecos, destacamos propuestas de inter\u00e9s y te informamos sobre las citas culturales m\u00e1s relevantes que no debes perderte si tu viaje por Marruecos coincide con ellas.<\/p><p>Cada publicaci\u00f3n es breve pero repleta de datos \u00fatiles, lo que facilita una lectura amena sin perder la profundidad necesaria. As\u00ed, tendr\u00e1s toda la informaci\u00f3n que necesitas para organizar tu tour a Marruecos de manera eficiente y aprovechar al m\u00e1ximo tu experiencia en este fascinante destino.<\/p>\t\t\t\t\t\t\t\t<\/div>\n\t\t\t\t<\/div>\n\t\t\t\t\t<\/div>\n\t\t<\/div>\n\t\t\t\t\t<\/div>\n\t\t<\/section>\n\t\t\t\t<section class=\"elementor-section elementor-top-section elementor-element elementor-element-a2c98ca elementor-section-boxed elementor-section-height-default elementor-section-height-default\" data-id=\"a2c98ca\" data-element_type=\"section\" data-e-type=\"section\">\n\t\t\t\t\t\t<div class=\"elementor-container elementor-column-gap-default\">\n\t\t\t\t\t<div class=\"elementor-column elementor-col-100 elementor-top-column elementor-element elementor-element-dcb68a0\" data-id=\"dcb68a0\" data-element_type=\"column\" data-e-type=\"column\">\n\t\t\t<div class=\"elementor-widget-wrap elementor-element-populated\">\n\t\t\t\t\t\t<div class=\"elementor-element elementor-element-b3bf52f elementor-widget elementor-widget-heading\" data-id=\"b3bf52f\" data-element_type=\"widget\" data-e-type=\"widget\" data-widget_type=\"heading.default\">\n\t\t\t\t<div class=\"elementor-widget-container\">\n\t\t\t\t\t<h2 class=\"elementor-heading-title elementor-size-default\">Tem\u00e1ticas de nuestro blog de Marruecos:<\/h2>\t\t\t\t<\/div>\n\t\t\t\t<\/div>\n\t\t\t\t\t<\/div>\n\t\t<\/div>\n\t\t\t\t\t<\/div>\n\t\t<\/section>\n\t\t\t\t<section class=\"elementor-section elementor-top-section elementor-element elementor-element-0387ce6 elementor-section-boxed elementor-section-height-default elementor-section-height-default\" data-id=\"0387ce6\" data-element_type=\"section\" data-e-type=\"section\">\n\t\t\t\t\t\t<div class=\"elementor-container elementor-column-gap-default\">\n\t\t\t\t\t<div class=\"elementor-column elementor-col-100 elementor-top-column elementor-element elementor-element-52ffe25\" data-id=\"52ffe25\" data-element_type=\"column\" data-e-type=\"column\">\n\t\t\t<div class=\"elementor-widget-wrap elementor-element-populated\">\n\t\t\t\t\t\t<div class=\"elementor-element elementor-element-e9bc74f elementor-widget elementor-widget-text-editor\" data-id=\"e9bc74f\" data-element_type=\"widget\" data-e-type=\"widget\" data-widget_type=\"text-editor.default\">\n\t\t\t\t<div class=\"elementor-widget-container\">\n\t\t\t\t\t\t\t\t\t<p>En nuestro blog sobre Marruecos, tambi\u00e9n nos enfocamos en destacar destinos espec\u00edficos y recopilar los puntos de inter\u00e9s m\u00e1s relevantes. Esto le permitir\u00e1 tomar decisiones informadas al elegir su viaje a Marruecos o identificar atractivos que no puede dejar de visitar una vez llegue al pa\u00eds.<\/p><p>La cultura ocupa un lugar central en este espacio. Por ello, ofrecemos un calendario detallado de festivales y celebraciones, desglosamos los aspectos m\u00e1s destacados de los museos y explicamos con profundidad las tradiciones folcl\u00f3ricas que caracterizan a Marruecos.<\/p><p>La gastronom\u00eda tambi\u00e9n es un tema recurrente en nuestro blog sobre Marruecos. Analizamos en detalle los platos m\u00e1s representativos del pa\u00eds y le sugerimos lugares recomendados para disfrutar de estos sabores \u00fanicos en su origen.<\/p><p>Si explora todas las publicaciones de este blog sobre Marruecos, encontrar\u00e1 una valiosa fuente de inspiraci\u00f3n para su itinerario. Recuerde que nuestra agencia se especializa en dise\u00f1ar viajes a medida, adaptados a sus preferencias, desde su llegada hasta su partida. Le invitamos a sumergirse en nuestros art\u00edculos y alimentar su inter\u00e9s por este fascinante pa\u00eds.<\/p><p>En este blog encontrar\u00e1s toda la informaci\u00f3n necesaria para viajar a Marruecos. Descubre los mejores destinos y consejos para tu viaje.<\/p>\t\t\t\t\t\t\t\t<\/div>\n\t\t\t\t<\/div>\n\t\t\t\t\t<\/div>\n\t\t<\/div>\n\t\t\t\t\t<\/div>\n\t\t<\/section>\n\t\t\t\t<\/div>\n\t\t","protected":false},"excerpt":{"rendered":"<p>Blog sobre Marruecos En este blog sobre Marruecos, nuestra agencia de viajes te proporciona una informaci\u00f3n sobre Marruecos completa y variada para que puedas conocer el pa\u00eds desde todas sus facetas. Te ofrecemos valiosos consejos que te ser\u00e1n \u00fatiles antes &hellip; <a href=\"https:\/\/moroccotoursadventure.com\/es\/blog-sobre-marruecos\/\">Read More<\/a><\/p>\n","protected":false},"author":1,"featured_media":5260,"parent":0,"menu_order":14,"comment_status":"closed","ping_status":"closed","template":"","meta":{"_joinchat":[],"footnotes":""},"class_list":["post-44","page","type-page","status-publish","has-post-thumbnail","hentry"],"_links":{"self":[{"href":"https:\/\/moroccotoursadventure.com\/es\/wp-json\/wp\/v2\/pages\/44","targetHints":{"allow":["GET"]}}],"collection":[{"href":"https:\/\/moroccotoursadventure.com\/es\/wp-json\/wp\/v2\/pages"}],"about":[{"href":"https:\/\/moroccotoursadventure.com\/es\/wp-json\/wp\/v2\/types\/page"}],"author":[{"embeddable":true,"href":"https:\/\/moroccotoursadventure.com\/es\/wp-json\/wp\/v2\/users\/1"}],"replies":[{"embeddable":true,"href":"https:\/\/moroccotoursadventure.com\/es\/wp-json\/wp\/v2\/comments?post=44"}],"version-history":[{"count":0,"href":"https:\/\/moroccotoursadventure.com\/es\/wp-json\/wp\/v2\/pages\/44\/revisions"}],"wp:featuredmedia":[{"embeddable":true,"href":"https:\/\/moroccotoursadventure.com\/es\/wp-json\/wp\/v2\/media\/5260"}],"wp:attachment":[{"href":"https:\/\/moroccotoursadventure.com\/es\/wp-json\/wp\/v2\/media?parent=44"}],"curies":[{"name":"wp","href":"https:\/\/api.w.org\/{rel}","templated":true}]}}