{"id":61,"date":"2017-05-24T23:30:16","date_gmt":"2017-05-24T23:30:16","guid":{"rendered":"http:\/\/import.themovation.com\/embark\/walking-tours\/?page_id=71"},"modified":"2024-02-25T21:24:40","modified_gmt":"2024-02-25T21:24:40","slug":"quienes-somos","status":"publish","type":"page","link":"https:\/\/moroccotoursadventure.com\/es\/quienes-somos\/","title":{"rendered":"Qui\u00e9nes somos"},"content":{"rendered":"\t\t<div data-elementor-type=\"wp-post\" data-elementor-id=\"61\" class=\"elementor elementor-61\" data-elementor-post-type=\"page\">\n\t\t\t\t\t\t<section class=\"elementor-section elementor-top-section elementor-element elementor-element-447ec0c2 elementor-section-height-min-height elementor-section-items-bottom elementor-section-boxed elementor-section-height-default\" data-id=\"447ec0c2\" data-element_type=\"section\" data-e-type=\"section\" data-settings=\"{&quot;background_background&quot;:&quot;classic&quot;}\">\n\t\t\t\t\t\t\t<div class=\"elementor-background-overlay\"><\/div>\n\t\t\t\t\t\t\t<div class=\"elementor-container elementor-column-gap-default\">\n\t\t\t\t\t<div class=\"elementor-column elementor-col-100 elementor-top-column elementor-element elementor-element-19b024bb\" data-id=\"19b024bb\" data-element_type=\"column\" data-e-type=\"column\">\n\t\t\t<div class=\"elementor-widget-wrap elementor-element-populated\">\n\t\t\t\t\t\t<div class=\"elementor-element elementor-element-20529cac elementor-widget elementor-widget-heading\" data-id=\"20529cac\" data-element_type=\"widget\" data-e-type=\"widget\" data-widget_type=\"heading.default\">\n\t\t\t\t<div class=\"elementor-widget-container\">\n\t\t\t\t\t<h2 class=\"elementor-heading-title elementor-size-default\">Qui\u00e9nes somos<\/h2>\t\t\t\t<\/div>\n\t\t\t\t<\/div>\n\t\t\t\t<div class=\"elementor-element elementor-element-47456bc2 elementor-widget elementor-widget-text-editor\" data-id=\"47456bc2\" data-element_type=\"widget\" data-e-type=\"widget\" data-widget_type=\"text-editor.default\">\n\t\t\t\t<div class=\"elementor-widget-container\">\n\t\t\t\t\t\t\t\t\t<div class=\"title\"><p><span style=\"color: #ffffff;\">Qui\u00e9nes somos, Contamos con un equipo de expertos apasionados por el turismo y la cultura marroqu\u00edes.<\/span><\/p><\/div>\t\t\t\t\t\t\t\t<\/div>\n\t\t\t\t<\/div>\n\t\t\t\t\t<\/div>\n\t\t<\/div>\n\t\t\t\t\t<\/div>\n\t\t<\/section>\n\t\t\t\t<section class=\"elementor-section elementor-top-section elementor-element elementor-element-414be55 elementor-section-boxed elementor-section-height-default elementor-section-height-default\" data-id=\"414be55\" data-element_type=\"section\" data-e-type=\"section\">\n\t\t\t\t\t\t<div class=\"elementor-container elementor-column-gap-default\">\n\t\t\t\t\t<div class=\"elementor-column elementor-col-50 elementor-top-column elementor-element elementor-element-1ca6596\" data-id=\"1ca6596\" data-element_type=\"column\" data-e-type=\"column\">\n\t\t\t<div class=\"elementor-widget-wrap elementor-element-populated\">\n\t\t\t\t\t\t<div class=\"elementor-element elementor-element-25c6c4f elementor-widget elementor-widget-spacer\" data-id=\"25c6c4f\" data-element_type=\"widget\" data-e-type=\"widget\" data-widget_type=\"spacer.default\">\n\t\t\t\t<div class=\"elementor-widget-container\">\n\t\t\t\t\t\t\t<div class=\"elementor-spacer\">\n\t\t\t<div class=\"elementor-spacer-inner\"><\/div>\n\t\t<\/div>\n\t\t\t\t\t\t<\/div>\n\t\t\t\t<\/div>\n\t\t\t\t<div class=\"elementor-element elementor-element-3c4b5a0 elementor-widget elementor-widget-heading\" data-id=\"3c4b5a0\" data-element_type=\"widget\" data-e-type=\"widget\" data-widget_type=\"heading.default\">\n\t\t\t\t<div class=\"elementor-widget-container\">\n\t\t\t\t\t<h3 class=\"elementor-heading-title elementor-size-default\">Disponible en:<\/h3>\t\t\t\t<\/div>\n\t\t\t\t<\/div>\n\t\t\t\t\t<\/div>\n\t\t<\/div>\n\t\t\t\t<div class=\"elementor-column elementor-col-50 elementor-top-column elementor-element elementor-element-5322f89\" data-id=\"5322f89\" data-element_type=\"column\" data-e-type=\"column\">\n\t\t\t<div class=\"elementor-widget-wrap elementor-element-populated\">\n\t\t\t\t\t\t<section class=\"elementor-section elementor-inner-section elementor-element elementor-element-5d5c346 elementor-section-boxed elementor-section-height-default elementor-section-height-default\" data-id=\"5d5c346\" data-element_type=\"section\" data-e-type=\"section\">\n\t\t\t\t\t\t<div class=\"elementor-container elementor-column-gap-default\">\n\t\t\t\t\t<div class=\"elementor-column elementor-col-100 elementor-inner-column elementor-element elementor-element-7aa730e\" data-id=\"7aa730e\" data-element_type=\"column\" data-e-type=\"column\">\n\t\t\t<div class=\"elementor-widget-wrap elementor-element-populated\">\n\t\t\t\t\t\t<div class=\"elementor-element elementor-element-74aef0a th-btn-align-center elementor-widget elementor-widget-themo-button\" data-id=\"74aef0a\" data-element_type=\"widget\" data-e-type=\"widget\" data-widget_type=\"themo-button.default\">\n\t\t\t\t<div class=\"elementor-widget-container\">\n\t\t\t\t\t\n                \t\t\t<a class=\"btn-1 btn th-btn btn-standard-dark\" href=\"https:\/\/moroccotoursadventure.com\/about-us\/\">\n\t\t\t\t\t\t\t\t\tIngl\u00e9s\t\t\t\t\t\t\t<\/a>\n\t\t\n                    <a class=\"btn-2 btn th-btn btn-standard-dark\" href=\"https:\/\/moroccotoursadventure.com\/it\/chi-siamo\/\">\n                                    Italian                            <\/a>\n        \n\t\t\t\t\t\t<\/div>\n\t\t\t\t<\/div>\n\t\t\t\t\t<\/div>\n\t\t<\/div>\n\t\t\t\t\t<\/div>\n\t\t<\/section>\n\t\t\t\t\t<\/div>\n\t\t<\/div>\n\t\t\t\t\t<\/div>\n\t\t<\/section>\n\t\t\t\t<section class=\"elementor-section elementor-top-section elementor-element elementor-element-2289dc8c elementor-section-boxed elementor-section-height-default elementor-section-height-default\" data-id=\"2289dc8c\" data-element_type=\"section\" data-e-type=\"section\">\n\t\t\t\t\t\t<div class=\"elementor-container elementor-column-gap-default\">\n\t\t\t\t\t<div class=\"elementor-column elementor-col-100 elementor-top-column elementor-element elementor-element-7e18c1e0\" data-id=\"7e18c1e0\" data-element_type=\"column\" data-e-type=\"column\">\n\t\t\t<div class=\"elementor-widget-wrap elementor-element-populated\">\n\t\t\t\t\t\t<div class=\"elementor-element elementor-element-3db5d27c elementor-widget elementor-widget-spacer\" data-id=\"3db5d27c\" data-element_type=\"widget\" data-e-type=\"widget\" data-widget_type=\"spacer.default\">\n\t\t\t\t<div class=\"elementor-widget-container\">\n\t\t\t\t\t\t\t<div class=\"elementor-spacer\">\n\t\t\t<div class=\"elementor-spacer-inner\"><\/div>\n\t\t<\/div>\n\t\t\t\t\t\t<\/div>\n\t\t\t\t<\/div>\n\t\t\t\t\t<\/div>\n\t\t<\/div>\n\t\t\t\t\t<\/div>\n\t\t<\/section>\n\t\t\t\t<section class=\"elementor-section elementor-top-section elementor-element elementor-element-1d7bf61c elementor-section-boxed elementor-section-height-default elementor-section-height-default\" data-id=\"1d7bf61c\" data-element_type=\"section\" data-e-type=\"section\">\n\t\t\t\t\t\t<div class=\"elementor-container elementor-column-gap-default\">\n\t\t\t\t\t<div class=\"elementor-column elementor-col-66 elementor-top-column elementor-element elementor-element-485bf1ea\" data-id=\"485bf1ea\" data-element_type=\"column\" data-e-type=\"column\">\n\t\t\t<div class=\"elementor-widget-wrap elementor-element-populated\">\n\t\t\t\t\t\t<div class=\"elementor-element elementor-element-5cd73697 elementor-widget elementor-widget-text-editor\" data-id=\"5cd73697\" data-element_type=\"widget\" data-e-type=\"widget\" data-widget_type=\"text-editor.default\">\n\t\t\t\t<div class=\"elementor-widget-container\">\n\t\t\t\t\t\t\t\t\t<h3><strong>Sobre Morocco Tours Adventure<\/strong><\/h3><p>Somos una empresa de familia bereber que llevamos varios a\u00f1os de turismo, nos dedicamos a organizar viajes a Marruecos. Nacidos en el coraz\u00f3n del desierto del pueblo de Ramlia, conocemos profundamente este gran pa\u00eds.<br \/>El paso de los a\u00f1os realizando estos tours nos ha dado una gran experiencia, profesionalidad y conocimiento de los lugares m\u00e1s aut\u00e9nticos.<\/p><p>Disponemos de veh\u00edculos equipados con A\/C como Toyota 4\u00d74, Furgonetas, imprescindibles para determinados viajes, y el trato con los viajeros a lo largo de los a\u00f1os nos ha permitido aprender varios idiomas como espa\u00f1ol, franc\u00e9s e ingl\u00e9s.<\/p><p>Organizamos todo tipo de viajes: paseos en camello, noches en el desierto en un aut\u00e9ntico Campamento Bereber, tours privados personalizados y todo aquello que haga de tu viaje una experiencia \u00fanica e inolvidable. Con nosotros podr\u00e1s vivir una aut\u00e9ntica aventura de viajes por Marruecos en una experiencia original y \u00fanica.<\/p><p>Te ofrecemos un viaje personalizado en el que podr\u00e1s saborear, disfrutar y descubrir todos los placeres de este hermoso pa\u00eds y una forma diferente de entender la vida.<\/p>\t\t\t\t\t\t\t\t<\/div>\n\t\t\t\t<\/div>\n\t\t\t\t\t<\/div>\n\t\t<\/div>\n\t\t\t\t<div class=\"elementor-column elementor-col-33 elementor-top-column elementor-element elementor-element-5a4b1354\" data-id=\"5a4b1354\" data-element_type=\"column\" data-e-type=\"column\">\n\t\t\t<div class=\"elementor-widget-wrap elementor-element-populated\">\n\t\t\t\t\t\t<div class=\"elementor-element elementor-element-5c762b5c elementor-widget elementor-widget-image\" data-id=\"5c762b5c\" data-element_type=\"widget\" data-e-type=\"widget\" data-widget_type=\"image.default\">\n\t\t\t\t<div class=\"elementor-widget-container\">\n\t\t\t\t\t\t\t\t\t\t\t\t\t\t\t<img decoding=\"async\" src=\"https:\/\/moroccotoursadventure.com\/es\/wp-content\/uploads\/2024\/02\/sfmta.jpg\" title=\"\" alt=\"\" loading=\"lazy\" \/>\t\t\t\t\t\t\t\t\t\t\t\t\t\t\t<\/div>\n\t\t\t\t<\/div>\n\t\t\t\t<div class=\"elementor-element elementor-element-6c4e6e17 elementor-widget elementor-widget-image\" data-id=\"6c4e6e17\" data-element_type=\"widget\" data-e-type=\"widget\" data-widget_type=\"image.default\">\n\t\t\t\t<div class=\"elementor-widget-container\">\n\t\t\t\t\t\t\t\t\t\t\t\t\t\t\t<img decoding=\"async\" src=\"https:\/\/moroccotoursadventure.com\/es\/wp-content\/uploads\/2024\/02\/mtta.jpg\" title=\"\" alt=\"\" loading=\"lazy\" \/>\t\t\t\t\t\t\t\t\t\t\t\t\t\t\t<\/div>\n\t\t\t\t<\/div>\n\t\t\t\t\t<\/div>\n\t\t<\/div>\n\t\t\t\t\t<\/div>\n\t\t<\/section>\n\t\t\t\t<section class=\"elementor-section elementor-top-section elementor-element elementor-element-75025c22 elementor-section-boxed elementor-section-height-default elementor-section-height-default\" data-id=\"75025c22\" data-element_type=\"section\" data-e-type=\"section\">\n\t\t\t\t\t\t<div class=\"elementor-container elementor-column-gap-default\">\n\t\t\t\t\t<div class=\"elementor-column elementor-col-100 elementor-top-column elementor-element elementor-element-64b02b7d\" data-id=\"64b02b7d\" data-element_type=\"column\" data-e-type=\"column\">\n\t\t\t<div class=\"elementor-widget-wrap elementor-element-populated\">\n\t\t\t\t\t\t<div class=\"elementor-element elementor-element-60ccb17c elementor-widget elementor-widget-spacer\" data-id=\"60ccb17c\" data-element_type=\"widget\" data-e-type=\"widget\" data-widget_type=\"spacer.default\">\n\t\t\t\t<div class=\"elementor-widget-container\">\n\t\t\t\t\t\t\t<div class=\"elementor-spacer\">\n\t\t\t<div class=\"elementor-spacer-inner\"><\/div>\n\t\t<\/div>\n\t\t\t\t\t\t<\/div>\n\t\t\t\t<\/div>\n\t\t\t\t\t<\/div>\n\t\t<\/div>\n\t\t\t\t\t<\/div>\n\t\t<\/section>\n\t\t\t\t<section class=\"elementor-section elementor-top-section elementor-element elementor-element-50da15b6 elementor-section-boxed elementor-section-height-default elementor-section-height-default\" data-id=\"50da15b6\" data-element_type=\"section\" data-e-type=\"section\">\n\t\t\t\t\t\t<div class=\"elementor-container elementor-column-gap-default\">\n\t\t\t\t\t<div class=\"elementor-column elementor-col-100 elementor-top-column elementor-element elementor-element-473bae04\" data-id=\"473bae04\" data-element_type=\"column\" data-e-type=\"column\">\n\t\t\t<div class=\"elementor-widget-wrap elementor-element-populated\">\n\t\t\t\t\t\t<div class=\"elementor-element elementor-element-696a748b elementor-widget elementor-widget-heading\" data-id=\"696a748b\" data-element_type=\"widget\" data-e-type=\"widget\" data-widget_type=\"heading.default\">\n\t\t\t\t<div class=\"elementor-widget-container\">\n\t\t\t\t\t<h2 class=\"elementor-heading-title elementor-size-default\">Information about Morocco<\/h2>\t\t\t\t<\/div>\n\t\t\t\t<\/div>\n\t\t\t\t\t<\/div>\n\t\t<\/div>\n\t\t\t\t\t<\/div>\n\t\t<\/section>\n\t\t\t\t<section class=\"elementor-section elementor-top-section elementor-element elementor-element-3d12ac33 elementor-section-boxed elementor-section-height-default elementor-section-height-default\" data-id=\"3d12ac33\" data-element_type=\"section\" data-e-type=\"section\">\n\t\t\t\t\t\t<div class=\"elementor-container elementor-column-gap-default\">\n\t\t\t\t\t<div class=\"elementor-column elementor-col-100 elementor-top-column elementor-element elementor-element-65097593\" data-id=\"65097593\" data-element_type=\"column\" data-e-type=\"column\">\n\t\t\t<div class=\"elementor-widget-wrap elementor-element-populated\">\n\t\t\t\t\t\t<div class=\"elementor-element elementor-element-1d0b6eaa elementor-widget elementor-widget-text-editor\" data-id=\"1d0b6eaa\" data-element_type=\"widget\" data-e-type=\"widget\" data-widget_type=\"text-editor.default\">\n\t\t\t\t<div class=\"elementor-widget-container\">\n\t\t\t\t\t\t\t\t\t<p>Marruecos, pa\u00eds isl\u00e1mico y encrucijada de muchas influencias: Fenicia, romana, bereber, \u00e1rabe, africana y mediterr\u00e1nea, rica en historia y leyendas Del Rif mediterr\u00e1neo a la costa atl\u00e1ntica, de las alturas del Atlas al Sur sahariano, Marruecos ofrece una gran diversidad de paisajes, modos de vida, colores y sabores. Un pa\u00eds que asombra a los visitantes, los hechiza y permanece para siempre en sus corazones y recuerdos.<\/p><p>Tan cerca de Europa que s\u00f3lo 14 kil\u00f3metros lo separan de ella. Gracias a esta proximidad geogr\u00e1fica, Marruecos sigue siendo un nexo de uni\u00f3n entre los dos continentes, africano y europeo, permitiendo en todo momento un acceso r\u00e1pido y f\u00e1cil a ambas orillas, ya sea en avi\u00f3n, barco, tren o coche. Marruecos sigue abierto a los visitantes de todo el mundo.<\/p><p>Con 2.446 kil\u00f3metros de costa atl\u00e1ntica y 537 kil\u00f3metros de costa mediterr\u00e1nea, Marruecos es el lugar ideal para practicar cualquier deporte n\u00e1utico, pero sus costas tambi\u00e9n cuentan una larga historia de intercambios, conflictos y flujos humanos y materiales que han forjado su futuro. Es un placer descubrir que los or\u00edgenes de Marruecos se remontan a la profundidad de los tiempos, lo que no impide que sea aut\u00e9nticamente moderno. Sus orillas, sus costas, sus paisajes, sus hombres y mujeres, han inspirado a escritores, pintores y poetas europeos y de otros lugares a lo largo de los siglos&#8230; T\u00e1nger, Casablanca, Essaouira, Agadir son ciudades legendarias, pero tambi\u00e9n ciudades que hoy ofrecen todas las comodidades de la vida moderna, con sus nuevas estructuras y su nuevo rostro, el de un Marruecos en expansi\u00f3n que no deja indiferente a nadie.<\/p><p>En el interior, le esperan grandes ciudades ricas en historia, magia y misterio. Rabat, Fez, Meknes, <a href=\"https:\/\/es.wikipedia.org\/wiki\/Marrakech\" target=\"_blank\" rel=\"noopener\">Marrakech<\/a>, antiguas ciudades imperiales, llenas de recuerdos y leyendas, de belleza y encanto, revelan sus secretos a los pacientes visitantes&#8230; Sus calles estrechas y sinuosas, a veces tortuosas, con una luminosidad excepcional, pero tambi\u00e9n sus bulevares y jardines seducen siempre a nativos y visitantes extranjeros. Descubra la famosa Torre Hassan, el antiguo barrio de las Oudaias en Rabat y Marrakech, la imponente Koutoubia, los jardines de la Menara y la plaza Djemaa El Fna, un lugar \u00fanico en el mundo, considerado hoy Patrimonio de la Humanidad.<\/p><h3><strong>Marruecos<\/strong><\/h3><p>Marruecos goza de un clima suave y moderado durante todo el a\u00f1o, lo que permite disfrutar tambi\u00e9n de sus monta\u00f1as, maravillosas por la belleza de sus paisajes y la serenidad de sus habitantes. Su espl\u00e9ndida cordillera del Atlas, sus verdes valles, sus r\u00edos, el m\u00e1s importante de los cuales es el Sebou, sus llanuras salvajes, sus bosques tranquilos, sus r\u00edos de aguas claras y transparentes, la diversidad de su flora y fauna, sus nieves invernales, son elementos vivos que invitan a relajarse y descansar. En coche, autob\u00fas, mula, esqu\u00eds, bicicleta, kayak o simplemente a pie, disfrutar\u00e1 de inolvidables paseos por la majestuosidad de este incomparable entorno natural.<\/p><p>Pero si lo que busca es un cambio total de aires, olvido, tranquilidad, un encuentro consigo mismo, Marruecos tambi\u00e9n le ofrece la posibilidad de descubrir el inconmensurable mundo del desierto&#8230; Marruecos tambi\u00e9n tiene su parte de desierto. El S\u00e1hara. Y est\u00e1 ah\u00ed, no muy lejos de usted, con sus dunas, mares de arena, oasis y noches estrelladas que invitan a so\u00f1ar.<\/p><p>Marruecos es un pa\u00eds singularmente diverso, con gentes acogedoras y c\u00e1lidas por naturaleza, generosas y tolerantes por experiencia hist\u00f3rica y cultural (dada la diversidad \u00e9tnica que lo compone). Los marroqu\u00edes siempre est\u00e1n dispuestos a dar sin esperar necesariamente nada a cambio. Es la vieja lecci\u00f3n de la hospitalidad \u00e1rabe. Pero, al igual que sus gentes, Marruecos est\u00e1 dispuesto a desvelar sus secretos a escondidas, dependiendo del tiempo y la paciencia con que uno se acerque a ellos. Una estancia prolongada promete m\u00e1s experiencias y descubrimientos que una visita breve.<\/p><p>Marruecos est\u00e1 a su alcance, as\u00ed que venga a conocerlo, \u00a1seguro que le dar\u00e1 la bienvenida!<\/p>\t\t\t\t\t\t\t\t<\/div>\n\t\t\t\t<\/div>\n\t\t\t\t\t<\/div>\n\t\t<\/div>\n\t\t\t\t\t<\/div>\n\t\t<\/section>\n\t\t\t\t<\/div>\n\t\t","protected":false},"excerpt":{"rendered":"<p>Qui\u00e9nes somos Qui\u00e9nes somos, Contamos con un equipo de expertos apasionados por el turismo y la cultura marroqu\u00edes. Disponible en: Ingl\u00e9s Italian Sobre Morocco Tours Adventure Somos una empresa de familia bereber que llevamos varios a\u00f1os de turismo, nos dedicamos &hellip; <a href=\"https:\/\/moroccotoursadventure.com\/es\/quienes-somos\/\">Read More<\/a><\/p>\n","protected":false},"author":1,"featured_media":0,"parent":0,"menu_order":9,"comment_status":"closed","ping_status":"closed","template":"","meta":{"_joinchat":[],"footnotes":""},"class_list":["post-61","page","type-page","status-publish","hentry"],"_links":{"self":[{"href":"https:\/\/moroccotoursadventure.com\/es\/wp-json\/wp\/v2\/pages\/61","targetHints":{"allow":["GET"]}}],"collection":[{"href":"https:\/\/moroccotoursadventure.com\/es\/wp-json\/wp\/v2\/pages"}],"about":[{"href":"https:\/\/moroccotoursadventure.com\/es\/wp-json\/wp\/v2\/types\/page"}],"author":[{"embeddable":true,"href":"https:\/\/moroccotoursadventure.com\/es\/wp-json\/wp\/v2\/users\/1"}],"replies":[{"embeddable":true,"href":"https:\/\/moroccotoursadventure.com\/es\/wp-json\/wp\/v2\/comments?post=61"}],"version-history":[{"count":1,"href":"https:\/\/moroccotoursadventure.com\/es\/wp-json\/wp\/v2\/pages\/61\/revisions"}],"predecessor-version":[{"id":12366,"href":"https:\/\/moroccotoursadventure.com\/es\/wp-json\/wp\/v2\/pages\/61\/revisions\/12366"}],"wp:attachment":[{"href":"https:\/\/moroccotoursadventure.com\/es\/wp-json\/wp\/v2\/media?parent=61"}],"curies":[{"name":"wp","href":"https:\/\/api.w.org\/{rel}","templated":true}]}}