{"id":50,"date":"2017-05-31T05:05:41","date_gmt":"2017-05-31T05:05:41","guid":{"rendered":"http:\/\/import.themovation.com\/embark\/walking-tours\/?page_id=167"},"modified":"2024-03-05T13:49:32","modified_gmt":"2024-03-05T13:49:32","slug":"contact","status":"publish","type":"page","link":"https:\/\/moroccotoursadventure.com\/fr\/contact\/","title":{"rendered":"Contact"},"content":{"rendered":"\t\t<div data-elementor-type=\"wp-post\" data-elementor-id=\"50\" class=\"elementor elementor-50\">\n\t\t\t\t\t\t<section class=\"elementor-section elementor-top-section elementor-element elementor-element-11fd763 elementor-section-height-min-height elementor-section-items-bottom elementor-section-boxed elementor-section-height-default\" data-id=\"11fd763\" data-element_type=\"section\" data-settings=\"{&quot;background_background&quot;:&quot;classic&quot;}\">\n\t\t\t\t\t\t\t<div class=\"elementor-background-overlay\"><\/div>\n\t\t\t\t\t\t\t<div class=\"elementor-container elementor-column-gap-default\">\n\t\t\t\t\t<div class=\"elementor-column elementor-col-100 elementor-top-column elementor-element elementor-element-29fb2e68\" data-id=\"29fb2e68\" data-element_type=\"column\">\n\t\t\t<div class=\"elementor-widget-wrap elementor-element-populated\">\n\t\t\t\t\t\t<div class=\"elementor-element elementor-element-7743845e elementor-widget elementor-widget-heading\" data-id=\"7743845e\" data-element_type=\"widget\" data-widget_type=\"heading.default\">\n\t\t\t\t<div class=\"elementor-widget-container\">\n\t\t\t\t\t<h2 class=\"elementor-heading-title elementor-size-default\">Contactez-nous:<\/h2>\t\t\t\t<\/div>\n\t\t\t\t<\/div>\n\t\t\t\t<div class=\"elementor-element elementor-element-7748392d elementor-widget elementor-widget-text-editor\" data-id=\"7748392d\" data-element_type=\"widget\" data-widget_type=\"text-editor.default\">\n\t\t\t\t<div class=\"elementor-widget-container\">\n\t\t\t\t\t\t\t\t\t<p class=\"entry-title\"><span style=\"color: #ffffff;\">Contactez-nous: Nous sommes une excellente agence personnalis&eacute;e, sp&eacute;cialis&eacute;e dans l&#8217;organisation d&#8217;itin&eacute;raires et de voyages touristiques &agrave; travers le Maroc magique et ses magnifiques d&eacute;serts.<\/span><\/p>\t\t\t\t\t\t\t\t<\/div>\n\t\t\t\t<\/div>\n\t\t\t\t\t<\/div>\n\t\t<\/div>\n\t\t\t\t\t<\/div>\n\t\t<\/section>\n\t\t\t\t<section class=\"elementor-section elementor-top-section elementor-element elementor-element-a81cc75 elementor-section-boxed elementor-section-height-default elementor-section-height-default\" data-id=\"a81cc75\" data-element_type=\"section\">\n\t\t\t\t\t\t<div class=\"elementor-container elementor-column-gap-default\">\n\t\t\t\t\t<div class=\"elementor-column elementor-col-25 elementor-top-column elementor-element elementor-element-46f3021\" data-id=\"46f3021\" data-element_type=\"column\">\n\t\t\t<div class=\"elementor-widget-wrap elementor-element-populated\">\n\t\t\t\t\t\t<div class=\"elementor-element elementor-element-215abb9 elementor-widget elementor-widget-heading\" data-id=\"215abb9\" data-element_type=\"widget\" data-widget_type=\"heading.default\">\n\t\t\t\t<div class=\"elementor-widget-container\">\n\t\t\t\t\t<h3 class=\"elementor-heading-title elementor-size-default\">Disponible en :<\/h3>\t\t\t\t<\/div>\n\t\t\t\t<\/div>\n\t\t\t\t\t<\/div>\n\t\t<\/div>\n\t\t\t\t<div class=\"elementor-column elementor-col-25 elementor-top-column elementor-element elementor-element-0eda4ed\" data-id=\"0eda4ed\" data-element_type=\"column\">\n\t\t\t<div class=\"elementor-widget-wrap elementor-element-populated\">\n\t\t\t\t\t\t<div class=\"elementor-element elementor-element-d60545f th-btn-align-center elementor-widget elementor-widget-themo-button\" data-id=\"d60545f\" data-element_type=\"widget\" data-widget_type=\"themo-button.default\">\n\t\t\t\t<div class=\"elementor-widget-container\">\n\t\t\t\t\t\n                \t\t\t<a class=\"btn-1 btn th-btn btn-standard-dark\" href=\"https:\/\/moroccotoursadventure.com\/contact-us\/\">\n\t\t\t\t\t\t\t\t\tAnglais\t\t\t\t\t\t\t<\/a>\n\t\t\n        \n\t\t\t\t\t\t<\/div>\n\t\t\t\t<\/div>\n\t\t\t\t\t<\/div>\n\t\t<\/div>\n\t\t\t\t<div class=\"elementor-column elementor-col-25 elementor-top-column elementor-element elementor-element-ba90b2c\" data-id=\"ba90b2c\" data-element_type=\"column\">\n\t\t\t<div class=\"elementor-widget-wrap elementor-element-populated\">\n\t\t\t\t\t\t<div class=\"elementor-element elementor-element-f238713 th-btn-align-center elementor-widget elementor-widget-themo-button\" data-id=\"f238713\" data-element_type=\"widget\" data-widget_type=\"themo-button.default\">\n\t\t\t\t<div class=\"elementor-widget-container\">\n\t\t\t\t\t\n                \t\t\t<a class=\"btn-1 btn th-btn btn-standard-dark\" href=\"https:\/\/moroccotoursadventure.com\/es\/contacto\/\">\n\t\t\t\t\t\t\t\t\tEspagnol\t\t\t\t\t\t\t<\/a>\n\t\t\n        \n\t\t\t\t\t\t<\/div>\n\t\t\t\t<\/div>\n\t\t\t\t\t<\/div>\n\t\t<\/div>\n\t\t\t\t<div class=\"elementor-column elementor-col-25 elementor-top-column elementor-element elementor-element-5c27682\" data-id=\"5c27682\" data-element_type=\"column\">\n\t\t\t<div class=\"elementor-widget-wrap elementor-element-populated\">\n\t\t\t\t\t\t<div class=\"elementor-element elementor-element-5cf91fe th-btn-align-center elementor-widget elementor-widget-themo-button\" data-id=\"5cf91fe\" data-element_type=\"widget\" data-widget_type=\"themo-button.default\">\n\t\t\t\t<div class=\"elementor-widget-container\">\n\t\t\t\t\t\n                \t\t\t<a class=\"btn-1 btn th-btn btn-standard-dark\" href=\"https:\/\/moroccotoursadventure.com\/it\/contatto\/\">\n\t\t\t\t\t\t\t\t\tItalien\t\t\t\t\t\t\t<\/a>\n\t\t\n        \n\t\t\t\t\t\t<\/div>\n\t\t\t\t<\/div>\n\t\t\t\t\t<\/div>\n\t\t<\/div>\n\t\t\t\t\t<\/div>\n\t\t<\/section>\n\t\t\t\t<section class=\"elementor-section elementor-top-section elementor-element elementor-element-dddef0d elementor-section-boxed elementor-section-height-default elementor-section-height-default\" data-id=\"dddef0d\" data-element_type=\"section\">\n\t\t\t\t\t\t<div class=\"elementor-container elementor-column-gap-default\">\n\t\t\t\t\t<div class=\"elementor-column elementor-col-100 elementor-top-column elementor-element elementor-element-b1f723a\" data-id=\"b1f723a\" data-element_type=\"column\">\n\t\t\t<div class=\"elementor-widget-wrap elementor-element-populated\">\n\t\t\t\t\t\t<div class=\"elementor-element elementor-element-e036486 elementor-widget elementor-widget-heading\" data-id=\"e036486\" data-element_type=\"widget\" data-widget_type=\"heading.default\">\n\t\t\t\t<div class=\"elementor-widget-container\">\n\t\t\t\t\t<h2 class=\"elementor-heading-title elementor-size-default\">Contactez-nous:<\/h2>\t\t\t\t<\/div>\n\t\t\t\t<\/div>\n\t\t\t\t<div class=\"elementor-element elementor-element-bc2aafe elementor-widget elementor-widget-text-editor\" data-id=\"bc2aafe\" data-element_type=\"widget\" data-widget_type=\"text-editor.default\">\n\t\t\t\t<div class=\"elementor-widget-container\">\n\t\t\t\t\t\t\t\t\t<p>Demandez &#8211; nous votre devis personnalis\u00e9 en remplissant le formulaire ci-dessous-c&#8217;est gratuit. L&#8217;un de nos conseillers en voyages vous contactera d\u00e8s que possible.<\/p>\t\t\t\t\t\t\t\t<\/div>\n\t\t\t\t<\/div>\n\t\t\t\t\t<\/div>\n\t\t<\/div>\n\t\t\t\t\t<\/div>\n\t\t<\/section>\n\t\t\t\t<section class=\"elementor-section elementor-top-section elementor-element elementor-element-fee0bde elementor-section-boxed elementor-section-height-default elementor-section-height-default\" data-id=\"fee0bde\" data-element_type=\"section\">\n\t\t\t\t\t\t<div class=\"elementor-container elementor-column-gap-default\">\n\t\t\t\t\t<div class=\"elementor-column elementor-col-50 elementor-top-column elementor-element elementor-element-1c1ba38\" data-id=\"1c1ba38\" data-element_type=\"column\">\n\t\t\t<div class=\"elementor-widget-wrap elementor-element-populated\">\n\t\t\t\t\t\t<div class=\"elementor-element elementor-element-6930fe2 elementor-widget elementor-widget-wpforms\" data-id=\"6930fe2\" data-element_type=\"widget\" data-widget_type=\"wpforms.default\">\n\t\t\t\t<div class=\"elementor-widget-container\">\n\t\t\t\t\t<div class=\"wpforms-container wpforms-container-full wpforms-render-modern\" id=\"wpforms-752\"><form id=\"wpforms-form-752\" class=\"wpforms-validate wpforms-form wpforms-ajax-form\" data-formid=\"752\" method=\"post\" enctype=\"multipart\/form-data\" action=\"\/fr\/wp-json\/wp\/v2\/pages\/50\" data-token=\"5558ecac4a8b1122478f3bb239877151\" data-token-time=\"1775460991\"><noscript class=\"wpforms-error-noscript\">Please enable JavaScript in your browser to complete this form.<\/noscript><div id=\"wpforms-error-noscript\" style=\"display: none;\">Please enable JavaScript in your browser to complete this form.<\/div><div class=\"wpforms-field-container\"><div id=\"wpforms-752-field_1-container\" class=\"wpforms-field wpforms-field-name\" data-field-id=\"1\"><fieldset><legend class=\"wpforms-field-label\">Nom <span class=\"wpforms-required-label\" aria-hidden=\"true\">*<\/span><\/legend><div class=\"wpforms-field-row wpforms-field-medium\"><div class=\"wpforms-field-row-block wpforms-first wpforms-one-half\"><input type=\"text\" id=\"wpforms-752-field_1\" class=\"wpforms-field-name-first wpforms-field-required\" name=\"wpforms[fields][1][first]\" aria-errormessage=\"wpforms-752-field_1-error\" required><label for=\"wpforms-752-field_1\" class=\"wpforms-field-sublabel after\">First<\/label><\/div><div class=\"wpforms-field-row-block wpforms-one-half\"><input type=\"text\" id=\"wpforms-752-field_1-last\" class=\"wpforms-field-name-last wpforms-field-required\" name=\"wpforms[fields][1][last]\" aria-errormessage=\"wpforms-752-field_1-last-error\" required><label for=\"wpforms-752-field_1-last\" class=\"wpforms-field-sublabel after\">Last<\/label><\/div><\/div><\/fieldset><\/div><div id=\"wpforms-752-field_8-container\" class=\"wpforms-field wpforms-field-email\" data-field-id=\"8\"><label class=\"wpforms-field-label\" for=\"wpforms-752-field_8\">Courriel <span class=\"wpforms-required-label\" aria-hidden=\"true\">*<\/span><\/label><input type=\"email\" id=\"wpforms-752-field_8\" class=\"wpforms-field-medium wpforms-field-required\" name=\"wpforms[fields][8]\" spellcheck=\"false\" aria-errormessage=\"wpforms-752-field_8-error\" required><\/div><div id=\"wpforms-752-field_10-container\" class=\"wpforms-field wpforms-field-name\" data-field-id=\"10\"><label class=\"wpforms-field-label\" for=\"wpforms-752-field_10\">Pays <span class=\"wpforms-required-label\" aria-hidden=\"true\">*<\/span><\/label><input type=\"text\" id=\"wpforms-752-field_10\" class=\"wpforms-field-medium wpforms-field-required\" name=\"wpforms[fields][10]\" aria-errormessage=\"wpforms-752-field_10-error\" required><\/div><div id=\"wpforms-752-field_9-container\" class=\"wpforms-field wpforms-field-name\" data-field-id=\"9\"><label class=\"wpforms-field-label\" for=\"wpforms-752-field_9\">La visite qui vous int\u00e9resse <span class=\"wpforms-required-label\" aria-hidden=\"true\">*<\/span><\/label><input type=\"text\" id=\"wpforms-752-field_9\" class=\"wpforms-field-medium wpforms-field-required\" name=\"wpforms[fields][9]\" aria-errormessage=\"wpforms-752-field_9-error\" required><\/div><div id=\"wpforms-752-field_12-container\" class=\"wpforms-field wpforms-field-name\" data-field-id=\"12\"><label class=\"wpforms-field-label\" for=\"wpforms-752-field_12\">Num\u00e9ro de t\u00e9l\u00e9phone <span class=\"wpforms-required-label\" aria-hidden=\"true\">*<\/span><\/label><input type=\"text\" id=\"wpforms-752-field_12\" class=\"wpforms-field-medium wpforms-field-required\" name=\"wpforms[fields][12]\" aria-errormessage=\"wpforms-752-field_12-error\" required><\/div><div id=\"wpforms-752-field_4-container\" class=\"wpforms-field wpforms-field-radio\" data-field-id=\"4\"><fieldset><legend class=\"wpforms-field-label\">Cat\u00e9gorie d&#039;h\u00f4tels<\/legend><ul id=\"wpforms-752-field_4\"><li class=\"choice-1 depth-1\"><input type=\"radio\" id=\"wpforms-752-field_4_1\" name=\"wpforms[fields][4]\" value=\"H\u00f4tels de Luxe\" aria-errormessage=\"wpforms-752-field_4_1-error\"  ><label class=\"wpforms-field-label-inline\" for=\"wpforms-752-field_4_1\">H\u00f4tels de Luxe<\/label><\/li><li class=\"choice-2 depth-1\"><input type=\"radio\" id=\"wpforms-752-field_4_2\" name=\"wpforms[fields][4]\" value=\"H\u00f4tels Standard\" aria-errormessage=\"wpforms-752-field_4_2-error\"  ><label class=\"wpforms-field-label-inline\" for=\"wpforms-752-field_4_2\">H\u00f4tels Standard<\/label><\/li><\/ul><\/fieldset><\/div><div id=\"wpforms-752-field_7-container\" class=\"wpforms-field wpforms-field-textarea\" data-field-id=\"7\"><label class=\"wpforms-field-label\" for=\"wpforms-752-field_7\">Votre Message<\/label><textarea id=\"wpforms-752-field_7\" class=\"wpforms-field-medium\" name=\"wpforms[fields][7]\" aria-errormessage=\"wpforms-752-field_7-error\" ><\/textarea><\/div><\/div><!-- .wpforms-field-container --><div class=\"wpforms-submit-container\" ><input type=\"hidden\" name=\"wpforms[id]\" value=\"752\"><input type=\"hidden\" name=\"page_title\" value=\"\"><input type=\"hidden\" name=\"page_url\" value=\"https:\/\/moroccotoursadventure.com\/fr\/wp-json\/wp\/v2\/pages\/50\"><input type=\"hidden\" name=\"url_referer\" value=\"\"><button type=\"submit\" name=\"wpforms[submit]\" id=\"wpforms-submit-752\" class=\"wpforms-submit\" data-alt-text=\"Envoi...\" data-submit-text=\"Soumettre\" aria-live=\"assertive\" value=\"wpforms-submit\">Soumettre<\/button><img decoding=\"async\" src=\"https:\/\/moroccotoursadventure.com\/fr\/wp-content\/plugins\/wpforms-lite\/assets\/images\/submit-spin.svg\" class=\"wpforms-submit-spinner\" style=\"display: none;\" width=\"26\" height=\"26\" alt=\"Loading\"><\/div><\/form><\/div>  <!-- .wpforms-container -->\t\t\t\t<\/div>\n\t\t\t\t<\/div>\n\t\t\t\t\t<\/div>\n\t\t<\/div>\n\t\t\t\t<div class=\"elementor-column elementor-col-50 elementor-top-column elementor-element elementor-element-5fa2512\" data-id=\"5fa2512\" data-element_type=\"column\">\n\t\t\t<div class=\"elementor-widget-wrap elementor-element-populated\">\n\t\t\t\t\t\t<div class=\"elementor-element elementor-element-eefe88c elementor-widget elementor-widget-text-editor\" data-id=\"eefe88c\" data-element_type=\"widget\" data-widget_type=\"text-editor.default\">\n\t\t\t\t<div class=\"elementor-widget-container\">\n\t\t\t\t\t\t\t\t\t<p>N&#8217;h\u00e9sitez pas \u00e0 nous faire savoir si vous avez une question ou si vous souhaitez laisser un commentaire<\/p><p>INFORMATIONS D&#8217;ADRESSE :<\/p><p>Ksar Ramlia \u00e0 Sidi Ali Er-Rissani 52450, Maroc<\/p><p>T\u00c9L\u00c9PHONE<\/p><p><a href=\"tel:+212 663389989\">+212 663389989<\/a><\/p><p>NOTRE EMAIL:<\/p><p><a href=\"mailto:moroccotoursadventures@gmail.com\">moroccotoursadventures@gmail.com<\/a><\/p>\t\t\t\t\t\t\t\t<\/div>\n\t\t\t\t<\/div>\n\t\t\t\t<div class=\"elementor-element elementor-element-437207a elementor-widget elementor-widget-image\" data-id=\"437207a\" data-element_type=\"widget\" data-widget_type=\"image.default\">\n\t\t\t\t<div class=\"elementor-widget-container\">\n\t\t\t\t\t\t\t\t\t\t\t\t\t\t\t<img decoding=\"async\" width=\"150\" height=\"150\" src=\"https:\/\/moroccotoursadventure.com\/fr\/wp-content\/uploads\/2024\/03\/PNG-Transparent-1-300x300-1-150x150.png\" class=\"attachment-thumbnail size-thumbnail wp-image-800\" alt=\"\" srcset=\"https:\/\/moroccotoursadventure.com\/fr\/wp-content\/uploads\/2024\/03\/PNG-Transparent-1-300x300-1-150x150.png 150w, https:\/\/moroccotoursadventure.com\/fr\/wp-content\/uploads\/2024\/03\/PNG-Transparent-1-300x300-1-300x300.png 300w, https:\/\/moroccotoursadventure.com\/fr\/wp-content\/uploads\/2024\/03\/PNG-Transparent-1-300x300-1-45x45.png 45w, https:\/\/moroccotoursadventure.com\/fr\/wp-content\/uploads\/2024\/03\/PNG-Transparent-1-300x300-1-80x80.png 80w, https:\/\/moroccotoursadventure.com\/fr\/wp-content\/uploads\/2024\/03\/PNG-Transparent-1-300x300-1-394x394.png 394w, https:\/\/moroccotoursadventure.com\/fr\/wp-content\/uploads\/2024\/03\/PNG-Transparent-1-300x300-1-303x303.png 303w, https:\/\/moroccotoursadventure.com\/fr\/wp-content\/uploads\/2024\/03\/PNG-Transparent-1-300x300-1.png 512w\" sizes=\"(max-width: 150px) 100vw, 150px\" \/>\t\t\t\t\t\t\t\t\t\t\t\t\t\t\t<\/div>\n\t\t\t\t<\/div>\n\t\t\t\t\t<\/div>\n\t\t<\/div>\n\t\t\t\t\t<\/div>\n\t\t<\/section>\n\t\t\t\t<\/div>\n\t\t","protected":false},"excerpt":{"rendered":"<p>Contactez-nous: Contactez-nous: Nous sommes une excellente agence personnalis&eacute;e, sp&eacute;cialis&eacute;e dans l&#8217;organisation d&#8217;itin&eacute;raires et de voyages touristiques &agrave; travers le Maroc magique et ses magnifiques d&eacute;serts. Disponible en : Anglais Espagnol Italien Contactez-nous: Demandez &#8211; nous votre devis personnalis\u00e9 en remplissant &hellip; <a href=\"https:\/\/moroccotoursadventure.com\/fr\/contact\/\">Read More<\/a><\/p>\n","protected":false},"author":1,"featured_media":0,"parent":0,"menu_order":17,"comment_status":"closed","ping_status":"closed","template":"","meta":{"footnotes":""},"class_list":["post-50","page","type-page","status-publish","hentry"],"yoast_head":"<!-- This site is optimized with the Yoast SEO plugin v26.1.1 - https:\/\/yoast.com\/wordpress\/plugins\/seo\/ -->\n<title>Contact - Morocco Tours Adventure<\/title>\n<meta name=\"robots\" content=\"index, follow, max-snippet:-1, max-image-preview:large, max-video-preview:-1\" \/>\n<link rel=\"canonical\" href=\"https:\/\/moroccotoursadventure.com\/fr\/contact\/\" \/>\n<meta property=\"og:locale\" content=\"en_US\" \/>\n<meta property=\"og:type\" content=\"article\" \/>\n<meta property=\"og:title\" content=\"Contact - Morocco Tours Adventure\" \/>\n<meta property=\"og:description\" content=\"Contactez-nous: Contactez-nous: Nous sommes une excellente agence personnalis&eacute;e, sp&eacute;cialis&eacute;e dans l&#8217;organisation d&#8217;itin&eacute;raires et de voyages touristiques &agrave; travers le Maroc magique et ses magnifiques d&eacute;serts. Disponible en : Anglais Espagnol Italien Contactez-nous: Demandez &#8211; nous votre devis personnalis\u00e9 en remplissant &hellip; Read More\" \/>\n<meta property=\"og:url\" content=\"https:\/\/moroccotoursadventure.com\/fr\/contact\/\" \/>\n<meta property=\"og:site_name\" content=\"Morocco Tours Adventure\" \/>\n<meta property=\"article:modified_time\" content=\"2024-03-05T13:49:32+00:00\" \/>\n<meta property=\"og:image\" content=\"https:\/\/moroccotoursadventure.com\/fr\/wp-content\/plugins\/wpforms-lite\/assets\/images\/submit-spin.svg\" \/>\n<meta name=\"twitter:card\" content=\"summary_large_image\" \/>\n<meta name=\"twitter:label1\" content=\"Est. reading time\" \/>\n\t<meta name=\"twitter:data1\" content=\"1 minute\" \/>\n<script type=\"application\/ld+json\" class=\"yoast-schema-graph\">{\"@context\":\"https:\/\/schema.org\",\"@graph\":[{\"@type\":\"WebPage\",\"@id\":\"https:\/\/moroccotoursadventure.com\/fr\/contact\/\",\"url\":\"https:\/\/moroccotoursadventure.com\/fr\/contact\/\",\"name\":\"Contact - Morocco Tours Adventure\",\"isPartOf\":{\"@id\":\"https:\/\/moroccotoursadventure.com\/fr\/#website\"},\"primaryImageOfPage\":{\"@id\":\"https:\/\/moroccotoursadventure.com\/fr\/contact\/#primaryimage\"},\"image\":{\"@id\":\"https:\/\/moroccotoursadventure.com\/fr\/contact\/#primaryimage\"},\"thumbnailUrl\":\"https:\/\/moroccotoursadventure.com\/fr\/wp-content\/plugins\/wpforms-lite\/assets\/images\/submit-spin.svg\",\"datePublished\":\"2017-05-31T05:05:41+00:00\",\"dateModified\":\"2024-03-05T13:49:32+00:00\",\"breadcrumb\":{\"@id\":\"https:\/\/moroccotoursadventure.com\/fr\/contact\/#breadcrumb\"},\"inLanguage\":\"en-US\",\"potentialAction\":[{\"@type\":\"ReadAction\",\"target\":[\"https:\/\/moroccotoursadventure.com\/fr\/contact\/\"]}]},{\"@type\":\"ImageObject\",\"inLanguage\":\"en-US\",\"@id\":\"https:\/\/moroccotoursadventure.com\/fr\/contact\/#primaryimage\",\"url\":\"https:\/\/moroccotoursadventure.com\/fr\/wp-content\/plugins\/wpforms-lite\/assets\/images\/submit-spin.svg\",\"contentUrl\":\"https:\/\/moroccotoursadventure.com\/fr\/wp-content\/plugins\/wpforms-lite\/assets\/images\/submit-spin.svg\"},{\"@type\":\"BreadcrumbList\",\"@id\":\"https:\/\/moroccotoursadventure.com\/fr\/contact\/#breadcrumb\",\"itemListElement\":[{\"@type\":\"ListItem\",\"position\":1,\"name\":\"Home\",\"item\":\"https:\/\/moroccotoursadventure.com\/fr\/\"},{\"@type\":\"ListItem\",\"position\":2,\"name\":\"Contact\"}]},{\"@type\":\"WebSite\",\"@id\":\"https:\/\/moroccotoursadventure.com\/fr\/#website\",\"url\":\"https:\/\/moroccotoursadventure.com\/fr\/\",\"name\":\"Morocco Tours Adventure\",\"description\":\"Voyages au Maroc\",\"potentialAction\":[{\"@type\":\"SearchAction\",\"target\":{\"@type\":\"EntryPoint\",\"urlTemplate\":\"https:\/\/moroccotoursadventure.com\/fr\/?s={search_term_string}\"},\"query-input\":{\"@type\":\"PropertyValueSpecification\",\"valueRequired\":true,\"valueName\":\"search_term_string\"}}],\"inLanguage\":\"en-US\"}]}<\/script>\n<!-- \/ Yoast SEO plugin. -->","yoast_head_json":{"title":"Contact - Morocco Tours Adventure","robots":{"index":"index","follow":"follow","max-snippet":"max-snippet:-1","max-image-preview":"max-image-preview:large","max-video-preview":"max-video-preview:-1"},"canonical":"https:\/\/moroccotoursadventure.com\/fr\/contact\/","og_locale":"en_US","og_type":"article","og_title":"Contact - Morocco Tours Adventure","og_description":"Contactez-nous: Contactez-nous: Nous sommes une excellente agence personnalis&eacute;e, sp&eacute;cialis&eacute;e dans l&#8217;organisation d&#8217;itin&eacute;raires et de voyages touristiques &agrave; travers le Maroc magique et ses magnifiques d&eacute;serts. Disponible en : Anglais Espagnol Italien Contactez-nous: Demandez &#8211; nous votre devis personnalis\u00e9 en remplissant &hellip; Read More","og_url":"https:\/\/moroccotoursadventure.com\/fr\/contact\/","og_site_name":"Morocco Tours Adventure","article_modified_time":"2024-03-05T13:49:32+00:00","og_image":[{"url":"https:\/\/moroccotoursadventure.com\/fr\/wp-content\/plugins\/wpforms-lite\/assets\/images\/submit-spin.svg","type":"","width":"","height":""}],"twitter_card":"summary_large_image","twitter_misc":{"Est. reading time":"1 minute"},"schema":{"@context":"https:\/\/schema.org","@graph":[{"@type":"WebPage","@id":"https:\/\/moroccotoursadventure.com\/fr\/contact\/","url":"https:\/\/moroccotoursadventure.com\/fr\/contact\/","name":"Contact - Morocco Tours Adventure","isPartOf":{"@id":"https:\/\/moroccotoursadventure.com\/fr\/#website"},"primaryImageOfPage":{"@id":"https:\/\/moroccotoursadventure.com\/fr\/contact\/#primaryimage"},"image":{"@id":"https:\/\/moroccotoursadventure.com\/fr\/contact\/#primaryimage"},"thumbnailUrl":"https:\/\/moroccotoursadventure.com\/fr\/wp-content\/plugins\/wpforms-lite\/assets\/images\/submit-spin.svg","datePublished":"2017-05-31T05:05:41+00:00","dateModified":"2024-03-05T13:49:32+00:00","breadcrumb":{"@id":"https:\/\/moroccotoursadventure.com\/fr\/contact\/#breadcrumb"},"inLanguage":"en-US","potentialAction":[{"@type":"ReadAction","target":["https:\/\/moroccotoursadventure.com\/fr\/contact\/"]}]},{"@type":"ImageObject","inLanguage":"en-US","@id":"https:\/\/moroccotoursadventure.com\/fr\/contact\/#primaryimage","url":"https:\/\/moroccotoursadventure.com\/fr\/wp-content\/plugins\/wpforms-lite\/assets\/images\/submit-spin.svg","contentUrl":"https:\/\/moroccotoursadventure.com\/fr\/wp-content\/plugins\/wpforms-lite\/assets\/images\/submit-spin.svg"},{"@type":"BreadcrumbList","@id":"https:\/\/moroccotoursadventure.com\/fr\/contact\/#breadcrumb","itemListElement":[{"@type":"ListItem","position":1,"name":"Home","item":"https:\/\/moroccotoursadventure.com\/fr\/"},{"@type":"ListItem","position":2,"name":"Contact"}]},{"@type":"WebSite","@id":"https:\/\/moroccotoursadventure.com\/fr\/#website","url":"https:\/\/moroccotoursadventure.com\/fr\/","name":"Morocco Tours Adventure","description":"Voyages au Maroc","potentialAction":[{"@type":"SearchAction","target":{"@type":"EntryPoint","urlTemplate":"https:\/\/moroccotoursadventure.com\/fr\/?s={search_term_string}"},"query-input":{"@type":"PropertyValueSpecification","valueRequired":true,"valueName":"search_term_string"}}],"inLanguage":"en-US"}]}},"_links":{"self":[{"href":"https:\/\/moroccotoursadventure.com\/fr\/wp-json\/wp\/v2\/pages\/50","targetHints":{"allow":["GET"]}}],"collection":[{"href":"https:\/\/moroccotoursadventure.com\/fr\/wp-json\/wp\/v2\/pages"}],"about":[{"href":"https:\/\/moroccotoursadventure.com\/fr\/wp-json\/wp\/v2\/types\/page"}],"author":[{"embeddable":true,"href":"https:\/\/moroccotoursadventure.com\/fr\/wp-json\/wp\/v2\/users\/1"}],"replies":[{"embeddable":true,"href":"https:\/\/moroccotoursadventure.com\/fr\/wp-json\/wp\/v2\/comments?post=50"}],"version-history":[{"count":10,"href":"https:\/\/moroccotoursadventure.com\/fr\/wp-json\/wp\/v2\/pages\/50\/revisions"}],"predecessor-version":[{"id":806,"href":"https:\/\/moroccotoursadventure.com\/fr\/wp-json\/wp\/v2\/pages\/50\/revisions\/806"}],"wp:attachment":[{"href":"https:\/\/moroccotoursadventure.com\/fr\/wp-json\/wp\/v2\/media?parent=50"}],"curies":[{"name":"wp","href":"https:\/\/api.w.org\/{rel}","templated":true}]}}